{"id":74251,"date":"2022-11-25T23:23:09","date_gmt":"2022-11-25T22:23:09","guid":{"rendered":"https:\/\/elbiblionauta.com\/ca\/?page_id=74251"},"modified":"2024-11-28T14:16:31","modified_gmt":"2024-11-28T13:16:31","slug":"club-de-lectura","status":"publish","type":"page","link":"https:\/\/elbiblionauta.com\/ca\/club-de-lectura\/","title":{"rendered":"Club de lectura"},"content":{"rendered":"\t\t<div data-elementor-type=\"wp-page\" data-elementor-id=\"74251\" class=\"elementor elementor-74251\" data-elementor-post-type=\"page\">\n\t\t\t\t\t\t<section class=\"elementor-section elementor-top-section elementor-element elementor-element-b9c7400 elementor-section-full_width elementor-section-stretched elementor-section-height-default elementor-section-height-default\" data-id=\"b9c7400\" data-element_type=\"section\" data-e-type=\"section\" data-settings=\"{&quot;stretch_section&quot;:&quot;section-stretched&quot;}\">\n\t\t\t\t\t\t<div class=\"elementor-container elementor-column-gap-no\">\n\t\t\t\t\t<div class=\"elementor-column elementor-col-100 elementor-top-column elementor-element elementor-element-aa7e6a1\" data-id=\"aa7e6a1\" data-element_type=\"column\" data-e-type=\"column\">\n\t\t\t<div class=\"elementor-widget-wrap elementor-element-populated\">\n\t\t\t\t\t\t<div class=\"elementor-element elementor-element-1524be0 elementor-hidden-mobile elementor-widget elementor-widget-image\" data-id=\"1524be0\" data-element_type=\"widget\" data-e-type=\"widget\" data-widget_type=\"image.default\">\n\t\t\t\t<div class=\"elementor-widget-container\">\n\t\t\t\t\t\t\t\t\t\t\t\t\t\t\t<img fetchpriority=\"high\" decoding=\"async\" width=\"1919\" height=\"376\" src=\"https:\/\/elbiblionauta.com\/ca\/wp-content\/uploads\/2022\/12\/header-club.png\" class=\"attachment-full size-full wp-image-78036\" alt=\"\" srcset=\"https:\/\/elbiblionauta.com\/ca\/wp-content\/uploads\/2022\/12\/header-club.png 1919w, https:\/\/elbiblionauta.com\/ca\/wp-content\/uploads\/2022\/12\/header-club-300x59.png 300w, https:\/\/elbiblionauta.com\/ca\/wp-content\/uploads\/2022\/12\/header-club-1024x201.png 1024w, https:\/\/elbiblionauta.com\/ca\/wp-content\/uploads\/2022\/12\/header-club-768x150.png 768w, https:\/\/elbiblionauta.com\/ca\/wp-content\/uploads\/2022\/12\/header-club-1536x301.png 1536w, https:\/\/elbiblionauta.com\/ca\/wp-content\/uploads\/2022\/12\/header-club-240x47.png 240w, https:\/\/elbiblionauta.com\/ca\/wp-content\/uploads\/2022\/12\/header-club-640x125.png 640w\" sizes=\"(max-width: 1919px) 100vw, 1919px\" \/>\t\t\t\t\t\t\t\t\t\t\t\t\t\t\t<\/div>\n\t\t\t\t<\/div>\n\t\t\t\t<div class=\"elementor-element elementor-element-e9b895e elementor-hidden-desktop elementor-hidden-tablet elementor-widget elementor-widget-image\" data-id=\"e9b895e\" data-element_type=\"widget\" data-e-type=\"widget\" data-widget_type=\"image.default\">\n\t\t\t\t<div class=\"elementor-widget-container\">\n\t\t\t\t\t\t\t\t\t\t\t\t\t\t\t<img decoding=\"async\" width=\"640\" height=\"400\" src=\"https:\/\/elbiblionauta.com\/ca\/wp-content\/uploads\/2022\/12\/header-mobil-club.png\" class=\"attachment-full size-full wp-image-78385\" alt=\"\" srcset=\"https:\/\/elbiblionauta.com\/ca\/wp-content\/uploads\/2022\/12\/header-mobil-club.png 640w, https:\/\/elbiblionauta.com\/ca\/wp-content\/uploads\/2022\/12\/header-mobil-club-300x188.png 300w, https:\/\/elbiblionauta.com\/ca\/wp-content\/uploads\/2022\/12\/header-mobil-club-480x300.png 480w, https:\/\/elbiblionauta.com\/ca\/wp-content\/uploads\/2022\/12\/header-mobil-club-240x150.png 240w\" sizes=\"(max-width: 640px) 100vw, 640px\" \/>\t\t\t\t\t\t\t\t\t\t\t\t\t\t\t<\/div>\n\t\t\t\t<\/div>\n\t\t\t\t\t<\/div>\n\t\t<\/div>\n\t\t\t\t\t<\/div>\n\t\t<\/section>\n\t\t\t\t<section class=\"elementor-section elementor-top-section elementor-element elementor-element-7730e9d elementor-section-stretched elementor-section-boxed elementor-section-height-default elementor-section-height-default\" data-id=\"7730e9d\" data-element_type=\"section\" data-e-type=\"section\" data-settings=\"{&quot;stretch_section&quot;:&quot;section-stretched&quot;,&quot;background_background&quot;:&quot;classic&quot;}\">\n\t\t\t\t\t\t<div class=\"elementor-container elementor-column-gap-default\">\n\t\t\t\t\t<div class=\"elementor-column elementor-col-50 elementor-top-column elementor-element elementor-element-a25991f\" data-id=\"a25991f\" data-element_type=\"column\" data-e-type=\"column\">\n\t\t\t<div class=\"elementor-widget-wrap elementor-element-populated\">\n\t\t\t\t\t\t<div class=\"elementor-element elementor-element-7e52615 elementor-absolute elementor-widget__width-initial elementor-widget elementor-widget-image\" data-id=\"7e52615\" data-element_type=\"widget\" data-e-type=\"widget\" data-settings=\"{&quot;_position&quot;:&quot;absolute&quot;}\" data-widget_type=\"image.default\">\n\t\t\t\t<div class=\"elementor-widget-container\">\n\t\t\t\t\t\t\t\t\t\t\t\t\t\t\t<img decoding=\"async\" width=\"750\" height=\"750\" src=\"https:\/\/elbiblionauta.com\/ca\/wp-content\/uploads\/2022\/12\/club-logo-quadrat.gif\" class=\"attachment-full size-full wp-image-78037\" alt=\"\" \/>\t\t\t\t\t\t\t\t\t\t\t\t\t\t\t<\/div>\n\t\t\t\t<\/div>\n\t\t\t\t\t<\/div>\n\t\t<\/div>\n\t\t\t\t<div class=\"elementor-column elementor-col-50 elementor-top-column elementor-element elementor-element-bba7d8c\" data-id=\"bba7d8c\" data-element_type=\"column\" data-e-type=\"column\">\n\t\t\t<div class=\"elementor-widget-wrap elementor-element-populated\">\n\t\t\t\t\t\t<div class=\"elementor-element elementor-element-8241468 elementor-widget elementor-widget-heading\" data-id=\"8241468\" data-element_type=\"widget\" data-e-type=\"widget\" data-widget_type=\"heading.default\">\n\t\t\t\t<div class=\"elementor-widget-container\">\n\t\t\t\t\t<h2 class=\"elementor-heading-title elementor-size-default\">Club Fahrenheit<\/h2>\t\t\t\t<\/div>\n\t\t\t\t<\/div>\n\t\t\t\t<div class=\"elementor-element elementor-element-bc70150 elementor-widget elementor-widget-heading\" data-id=\"bc70150\" data-element_type=\"widget\" data-e-type=\"widget\" data-widget_type=\"heading.default\">\n\t\t\t\t<div class=\"elementor-widget-container\">\n\t\t\t\t\t<h2 class=\"elementor-heading-title elementor-size-default\">El club de lectura d'El Biblionauta<\/h2>\t\t\t\t<\/div>\n\t\t\t\t<\/div>\n\t\t\t\t<div class=\"elementor-element elementor-element-65f2e8b elementor-widget elementor-widget-text-editor\" data-id=\"65f2e8b\" data-element_type=\"widget\" data-e-type=\"widget\" data-widget_type=\"text-editor.default\">\n\t\t\t\t<div class=\"elementor-widget-container\">\n\t\t\t\t\t\t\t\t\t<p>Club Fahrenheit \u00e9s un club de lectura de novetats de ci\u00e8ncia-ficci\u00f3 i fantasia en llengua catalana organitzat per l&#8217;A. C. El Biblionauta i condu\u00eft per Miquel Codony.<\/p><p>Les sessions, que tenen lloc virtualment a trav\u00e9s de l&#8217;app Jitsi, s\u00f3n gratu\u00eftes i de periodicitat mensual. El club compta per a cada sessi\u00f3 amb la participaci\u00f3 especial de convidats experts en la lectura proposada, que actuen com a comoderadors.\u00a0\u00a0<\/p>\t\t\t\t\t\t\t\t<\/div>\n\t\t\t\t<\/div>\n\t\t\t\t<div class=\"elementor-element elementor-element-bd2266c elementor-button-danger elementor-align-left elementor-widget elementor-widget-button\" data-id=\"bd2266c\" data-element_type=\"widget\" data-e-type=\"widget\" data-widget_type=\"button.default\">\n\t\t\t\t<div class=\"elementor-widget-container\">\n\t\t\t\t\t\t\t\t\t<div class=\"elementor-button-wrapper\">\n\t\t\t\t\t<a class=\"elementor-button elementor-button-link elementor-size-xs\" href=\"https:\/\/elbiblionauta.com\/ca\/contcte\/\">\n\t\t\t\t\t\t<span class=\"elementor-button-content-wrapper\">\n\t\t\t\t\t\t<span class=\"elementor-button-icon\">\n\t\t\t\t<i aria-hidden=\"true\" class=\"fas fa-chevron-right\"><\/i>\t\t\t<\/span>\n\t\t\t\t\t\t\t\t\t<span class=\"elementor-button-text\">Inscriu-te<\/span>\n\t\t\t\t\t<\/span>\n\t\t\t\t\t<\/a>\n\t\t\t\t<\/div>\n\t\t\t\t\t\t\t\t<\/div>\n\t\t\t\t<\/div>\n\t\t\t\t\t<\/div>\n\t\t<\/div>\n\t\t\t\t\t<\/div>\n\t\t<\/section>\n\t\t\t\t<section class=\"elementor-section elementor-top-section elementor-element elementor-element-2fd1a09 elementor-section-stretched elementor-section-boxed elementor-section-height-default elementor-section-height-default\" data-id=\"2fd1a09\" data-element_type=\"section\" data-e-type=\"section\" data-settings=\"{&quot;stretch_section&quot;:&quot;section-stretched&quot;,&quot;background_background&quot;:&quot;classic&quot;}\">\n\t\t\t\t\t\t<div class=\"elementor-container elementor-column-gap-default\">\n\t\t\t\t\t<div class=\"elementor-column elementor-col-100 elementor-top-column elementor-element elementor-element-223c414\" data-id=\"223c414\" data-element_type=\"column\" data-e-type=\"column\">\n\t\t\t<div class=\"elementor-widget-wrap elementor-element-populated\">\n\t\t\t\t\t\t<div class=\"elementor-element elementor-element-37b159d elementor-widget elementor-widget-spacer\" data-id=\"37b159d\" data-element_type=\"widget\" data-e-type=\"widget\" data-widget_type=\"spacer.default\">\n\t\t\t\t<div class=\"elementor-widget-container\">\n\t\t\t\t\t\t\t<div class=\"elementor-spacer\">\n\t\t\t<div class=\"elementor-spacer-inner\"><\/div>\n\t\t<\/div>\n\t\t\t\t\t\t<\/div>\n\t\t\t\t<\/div>\n\t\t\t\t<div class=\"elementor-element elementor-element-6b19186 elementor-widget elementor-widget-heading\" data-id=\"6b19186\" data-element_type=\"widget\" data-e-type=\"widget\" data-widget_type=\"heading.default\">\n\t\t\t\t<div class=\"elementor-widget-container\">\n\t\t\t\t\t<h2 class=\"elementor-heading-title elementor-size-default\">TELEGRAM (canal informatiu)<\/h2>\t\t\t\t<\/div>\n\t\t\t\t<\/div>\n\t\t\t\t<div class=\"elementor-element elementor-element-40b3a61 elementor-shape-square elementor-grid-3 e-grid-align-mobile-center e-grid-align-center elementor-widget elementor-widget-social-icons\" data-id=\"40b3a61\" data-element_type=\"widget\" data-e-type=\"widget\" data-widget_type=\"social-icons.default\">\n\t\t\t\t<div class=\"elementor-widget-container\">\n\t\t\t\t\t\t\t<div class=\"elementor-social-icons-wrapper elementor-grid\">\n\t\t\t\t\t\t\t<span class=\"elementor-grid-item\">\n\t\t\t\t\t<a class=\"elementor-icon elementor-social-icon elementor-social-icon-telegram elementor-repeater-item-0a264dd\" href=\"https:\/\/t.co\/WTBv5IehqC\" target=\"_blank\">\n\t\t\t\t\t\t<span class=\"elementor-screen-only\">Telegram<\/span>\n\t\t\t\t\t\t<i aria-hidden=\"true\" class=\"fab fa-telegram\"><\/i>\t\t\t\t\t<\/a>\n\t\t\t\t<\/span>\n\t\t\t\t\t<\/div>\n\t\t\t\t\t\t<\/div>\n\t\t\t\t<\/div>\n\t\t\t\t<div class=\"elementor-element elementor-element-270c25a elementor-widget elementor-widget-spacer\" data-id=\"270c25a\" data-element_type=\"widget\" data-e-type=\"widget\" data-widget_type=\"spacer.default\">\n\t\t\t\t<div class=\"elementor-widget-container\">\n\t\t\t\t\t\t\t<div class=\"elementor-spacer\">\n\t\t\t<div class=\"elementor-spacer-inner\"><\/div>\n\t\t<\/div>\n\t\t\t\t\t\t<\/div>\n\t\t\t\t<\/div>\n\t\t\t\t\t<\/div>\n\t\t<\/div>\n\t\t\t\t\t<\/div>\n\t\t<\/section>\n\t\t\t\t<section class=\"elementor-section elementor-top-section elementor-element elementor-element-81c9af5 elementor-section-full_width elementor-section-height-default elementor-section-height-default\" data-id=\"81c9af5\" data-element_type=\"section\" data-e-type=\"section\">\n\t\t\t\t\t\t<div class=\"elementor-container elementor-column-gap-no\">\n\t\t\t\t\t<div class=\"elementor-column elementor-col-100 elementor-top-column elementor-element elementor-element-ea997c8\" data-id=\"ea997c8\" data-element_type=\"column\" data-e-type=\"column\">\n\t\t\t<div class=\"elementor-widget-wrap elementor-element-populated\">\n\t\t\t\t\t\t<section class=\"elementor-section elementor-inner-section elementor-element elementor-element-e6f2691 elementor-section-boxed elementor-section-height-default elementor-section-height-default\" data-id=\"e6f2691\" data-element_type=\"section\" data-e-type=\"section\" data-settings=\"{&quot;background_background&quot;:&quot;classic&quot;}\">\n\t\t\t\t\t\t<div class=\"elementor-container elementor-column-gap-default\">\n\t\t\t\t\t<div class=\"elementor-column elementor-col-50 elementor-inner-column elementor-element elementor-element-84cdb11\" data-id=\"84cdb11\" data-element_type=\"column\" data-e-type=\"column\" data-settings=\"{&quot;background_background&quot;:&quot;classic&quot;}\">\n\t\t\t<div class=\"elementor-widget-wrap elementor-element-populated\">\n\t\t\t\t\t\t<div class=\"elementor-element elementor-element-9b267ff elementor-view-default elementor-widget elementor-widget-icon\" data-id=\"9b267ff\" data-element_type=\"widget\" data-e-type=\"widget\" data-widget_type=\"icon.default\">\n\t\t\t\t<div class=\"elementor-widget-container\">\n\t\t\t\t\t\t\t<div class=\"elementor-icon-wrapper\">\n\t\t\t<div class=\"elementor-icon\">\n\t\t\t<i aria-hidden=\"true\" class=\"fas fa-phone-alt\"><\/i>\t\t\t<\/div>\n\t\t<\/div>\n\t\t\t\t\t\t<\/div>\n\t\t\t\t<\/div>\n\t\t\t\t\t<\/div>\n\t\t<\/div>\n\t\t\t\t<div class=\"elementor-column elementor-col-50 elementor-inner-column elementor-element elementor-element-5208369\" data-id=\"5208369\" data-element_type=\"column\" data-e-type=\"column\">\n\t\t\t<div class=\"elementor-widget-wrap elementor-element-populated\">\n\t\t\t\t\t\t<div class=\"elementor-element elementor-element-af1330c elementor-widget elementor-widget-text-editor\" data-id=\"af1330c\" data-element_type=\"widget\" data-e-type=\"widget\" data-widget_type=\"text-editor.default\">\n\t\t\t\t<div class=\"elementor-widget-container\">\n\t\t\t\t\t\t\t\t\t<p>CONTACTA&#8217;NS:<\/p>\t\t\t\t\t\t\t\t<\/div>\n\t\t\t\t<\/div>\n\t\t\t\t<div class=\"elementor-element elementor-element-f757081 elementor-widget elementor-widget-text-editor\" data-id=\"f757081\" data-element_type=\"widget\" data-e-type=\"widget\" data-widget_type=\"text-editor.default\">\n\t\t\t\t<div class=\"elementor-widget-container\">\n\t\t\t\t\t\t\t\t\t<p><a href=\"mailto:info@elbiblionauta.com\">info@elbiblionauta.com<\/a><\/p>\t\t\t\t\t\t\t\t<\/div>\n\t\t\t\t<\/div>\n\t\t\t\t<div class=\"elementor-element elementor-element-bc9fa9c elementor-shape-square elementor-grid-4 e-grid-align-right elementor-widget elementor-widget-social-icons\" data-id=\"bc9fa9c\" data-element_type=\"widget\" data-e-type=\"widget\" data-widget_type=\"social-icons.default\">\n\t\t\t\t<div class=\"elementor-widget-container\">\n\t\t\t\t\t\t\t<div class=\"elementor-social-icons-wrapper elementor-grid\" role=\"list\">\n\t\t\t\t\t\t\t<span class=\"elementor-grid-item\" role=\"listitem\">\n\t\t\t\t\t<a class=\"elementor-icon elementor-social-icon elementor-social-icon-facebook-square elementor-repeater-item-a552131\" href=\"https:\/\/www.facebook.com\/ElBiblionauta\" target=\"_blank\">\n\t\t\t\t\t\t<span class=\"elementor-screen-only\">Facebook-square<\/span>\n\t\t\t\t\t\t<i aria-hidden=\"true\" class=\"fab fa-facebook-square\"><\/i>\t\t\t\t\t<\/a>\n\t\t\t\t<\/span>\n\t\t\t\t\t\t\t<span class=\"elementor-grid-item\" role=\"listitem\">\n\t\t\t\t\t<a class=\"elementor-icon elementor-social-icon elementor-social-icon-twitter elementor-repeater-item-f747be7\" href=\"https:\/\/twitter.com\/ElBiblionauta\" target=\"_blank\">\n\t\t\t\t\t\t<span class=\"elementor-screen-only\">Twitter<\/span>\n\t\t\t\t\t\t<i aria-hidden=\"true\" class=\"fab fa-twitter\"><\/i>\t\t\t\t\t<\/a>\n\t\t\t\t<\/span>\n\t\t\t\t\t\t\t<span class=\"elementor-grid-item\" role=\"listitem\">\n\t\t\t\t\t<a class=\"elementor-icon elementor-social-icon elementor-social-icon-instagram elementor-repeater-item-381c25e\" href=\"https:\/\/www.instagram.com\/elbiblionauta\/\" target=\"_blank\">\n\t\t\t\t\t\t<span class=\"elementor-screen-only\">Instagram<\/span>\n\t\t\t\t\t\t<i aria-hidden=\"true\" class=\"fab fa-instagram\"><\/i>\t\t\t\t\t<\/a>\n\t\t\t\t<\/span>\n\t\t\t\t\t\t\t<span class=\"elementor-grid-item\" role=\"listitem\">\n\t\t\t\t\t<a class=\"elementor-icon elementor-social-icon elementor-social-icon-podcast elementor-repeater-item-79e4626\" href=\"https:\/\/elbiblionauta.com\/ca\/podcast\/\" target=\"_blank\">\n\t\t\t\t\t\t<span class=\"elementor-screen-only\">Podcast<\/span>\n\t\t\t\t\t\t<i aria-hidden=\"true\" class=\"fas fa-podcast\"><\/i>\t\t\t\t\t<\/a>\n\t\t\t\t<\/span>\n\t\t\t\t\t<\/div>\n\t\t\t\t\t\t<\/div>\n\t\t\t\t<\/div>\n\t\t\t\t<div class=\"elementor-element elementor-element-e0d2795 elementor-align-right elementor-widget elementor-widget-button\" data-id=\"e0d2795\" data-element_type=\"widget\" data-e-type=\"widget\" data-widget_type=\"button.default\">\n\t\t\t\t<div class=\"elementor-widget-container\">\n\t\t\t\t\t\t\t\t\t<div class=\"elementor-button-wrapper\">\n\t\t\t\t\t<a class=\"elementor-button elementor-button-link elementor-size-sm\" href=\"https:\/\/elbiblionauta.com\/ca\/sobre\/\">\n\t\t\t\t\t\t<span class=\"elementor-button-content-wrapper\">\n\t\t\t\t\t\t<span class=\"elementor-button-icon\">\n\t\t\t\t<i aria-hidden=\"true\" class=\"fas fa-angle-double-right\"><\/i>\t\t\t<\/span>\n\t\t\t\t\t\t\t\t\t<span class=\"elementor-button-text\">Nosaltres<\/span>\n\t\t\t\t\t<\/span>\n\t\t\t\t\t<\/a>\n\t\t\t\t<\/div>\n\t\t\t\t\t\t\t\t<\/div>\n\t\t\t\t<\/div>\n\t\t\t\t\t<\/div>\n\t\t<\/div>\n\t\t\t\t\t<\/div>\n\t\t<\/section>\n\t\t\t\t\t<\/div>\n\t\t<\/div>\n\t\t\t\t\t<\/div>\n\t\t<\/section>\n\t\t\t\t<\/div>\n\t\t","protected":false},"excerpt":{"rendered":"<p>El Club de lectura virtual de l&#8217;A. C. El Biblionauta.<\/p>\n","protected":false},"author":1,"featured_media":77476,"parent":0,"menu_order":0,"comment_status":"closed","ping_status":"closed","template":"elementor_header_footer","meta":{"footnotes":"","_links_to":"","_links_to_target":""},"class_list":["post-74251","page","type-page","status-publish","has-post-thumbnail","hentry"],"yoast_head":"<!-- This site is optimized with the Yoast SEO plugin v27.4 - https:\/\/yoast.com\/product\/yoast-seo-wordpress\/ -->\n<title>Club de lectura | El Biblionauta<\/title>\n<meta name=\"description\" content=\"El Club de lectura virtual de l&#039;A. C. El Biblionauta.\" \/>\n<meta name=\"robots\" content=\"index, follow, max-snippet:-1, max-image-preview:large, max-video-preview:-1\" \/>\n<link rel=\"canonical\" href=\"https:\/\/elbiblionauta.com\/ca\/club-de-lectura\/\" \/>\n<meta property=\"og:locale\" content=\"ca_ES\" \/>\n<meta property=\"og:type\" content=\"article\" \/>\n<meta property=\"og:title\" content=\"Club de lectura | El Biblionauta\" \/>\n<meta property=\"og:description\" content=\"El Club de lectura virtual de l&#039;A. C. El Biblionauta.\" \/>\n<meta property=\"og:url\" content=\"https:\/\/elbiblionauta.com\/ca\/club-de-lectura\/\" \/>\n<meta property=\"og:site_name\" content=\"El Biblionauta\" \/>\n<meta property=\"article:publisher\" content=\"https:\/\/www.facebook.com\/ElBiblionauta\" \/>\n<meta property=\"article:modified_time\" content=\"2024-11-28T13:16:31+00:00\" \/>\n<meta property=\"og:image\" content=\"https:\/\/elbiblionauta.com\/ca\/wp-content\/uploads\/2022\/12\/club-fahrenheit-logo.jpeg\" \/>\n\t<meta property=\"og:image:width\" content=\"1600\" \/>\n\t<meta property=\"og:image:height\" content=\"900\" \/>\n\t<meta property=\"og:image:type\" content=\"image\/jpeg\" \/>\n<meta name=\"twitter:card\" content=\"summary_large_image\" \/>\n<meta name=\"twitter:image\" content=\"https:\/\/elbiblionauta.com\/ca\/wp-content\/uploads\/2022\/12\/club-fahrenheit-logo.jpeg\" \/>\n<meta name=\"twitter:site\" content=\"@ElBiblionauta\" \/>\n<meta name=\"twitter:label1\" content=\"Temps estimat de lectura\" \/>\n\t<meta name=\"twitter:data1\" content=\"2 minuts\" \/>\n<script type=\"application\/ld+json\" class=\"yoast-schema-graph\">{\"@context\":\"https:\\\/\\\/schema.org\",\"@graph\":[{\"@type\":\"WebPage\",\"@id\":\"https:\\\/\\\/elbiblionauta.com\\\/ca\\\/club-de-lectura\\\/\",\"url\":\"https:\\\/\\\/elbiblionauta.com\\\/ca\\\/club-de-lectura\\\/\",\"name\":\"Club de lectura | El Biblionauta\",\"isPartOf\":{\"@id\":\"https:\\\/\\\/elbiblionauta.com\\\/ca\\\/#website\"},\"primaryImageOfPage\":{\"@id\":\"https:\\\/\\\/elbiblionauta.com\\\/ca\\\/club-de-lectura\\\/#primaryimage\"},\"image\":{\"@id\":\"https:\\\/\\\/elbiblionauta.com\\\/ca\\\/club-de-lectura\\\/#primaryimage\"},\"thumbnailUrl\":\"https:\\\/\\\/elbiblionauta.com\\\/ca\\\/wp-content\\\/uploads\\\/2022\\\/12\\\/club-fahrenheit-logo.jpeg\",\"datePublished\":\"2022-11-25T22:23:09+00:00\",\"dateModified\":\"2024-11-28T13:16:31+00:00\",\"description\":\"El Club de lectura virtual de l'A. C. El Biblionauta.\",\"breadcrumb\":{\"@id\":\"https:\\\/\\\/elbiblionauta.com\\\/ca\\\/club-de-lectura\\\/#breadcrumb\"},\"inLanguage\":\"ca\",\"potentialAction\":[{\"@type\":\"ReadAction\",\"target\":[\"https:\\\/\\\/elbiblionauta.com\\\/ca\\\/club-de-lectura\\\/\"]}]},{\"@type\":\"ImageObject\",\"inLanguage\":\"ca\",\"@id\":\"https:\\\/\\\/elbiblionauta.com\\\/ca\\\/club-de-lectura\\\/#primaryimage\",\"url\":\"https:\\\/\\\/elbiblionauta.com\\\/ca\\\/wp-content\\\/uploads\\\/2022\\\/12\\\/club-fahrenheit-logo.jpeg\",\"contentUrl\":\"https:\\\/\\\/elbiblionauta.com\\\/ca\\\/wp-content\\\/uploads\\\/2022\\\/12\\\/club-fahrenheit-logo.jpeg\",\"width\":1600,\"height\":900},{\"@type\":\"BreadcrumbList\",\"@id\":\"https:\\\/\\\/elbiblionauta.com\\\/ca\\\/club-de-lectura\\\/#breadcrumb\",\"itemListElement\":[{\"@type\":\"ListItem\",\"position\":1,\"name\":\"Inici\",\"item\":\"https:\\\/\\\/elbiblionauta.com\\\/ca\\\/\"},{\"@type\":\"ListItem\",\"position\":2,\"name\":\"Club de lectura\"}]},{\"@type\":\"WebSite\",\"@id\":\"https:\\\/\\\/elbiblionauta.com\\\/ca\\\/#website\",\"url\":\"https:\\\/\\\/elbiblionauta.com\\\/ca\\\/\",\"name\":\"El Biblionauta\",\"description\":\"El teu portal de literatura fant\u00e0stica en catal\u00e0.\",\"publisher\":{\"@id\":\"https:\\\/\\\/elbiblionauta.com\\\/ca\\\/#organization\"},\"potentialAction\":[{\"@type\":\"SearchAction\",\"target\":{\"@type\":\"EntryPoint\",\"urlTemplate\":\"https:\\\/\\\/elbiblionauta.com\\\/ca\\\/?s={search_term_string}\"},\"query-input\":{\"@type\":\"PropertyValueSpecification\",\"valueRequired\":true,\"valueName\":\"search_term_string\"}}],\"inLanguage\":\"ca\"},{\"@type\":\"Organization\",\"@id\":\"https:\\\/\\\/elbiblionauta.com\\\/ca\\\/#organization\",\"name\":\"El Biblionauta\",\"url\":\"https:\\\/\\\/elbiblionauta.com\\\/ca\\\/\",\"logo\":{\"@type\":\"ImageObject\",\"inLanguage\":\"ca\",\"@id\":\"https:\\\/\\\/elbiblionauta.com\\\/ca\\\/#\\\/schema\\\/logo\\\/image\\\/\",\"url\":\"https:\\\/\\\/elbiblionauta.com\\\/ca\\\/wp-content\\\/uploads\\\/2022\\\/04\\\/logo-biblio2.png\",\"contentUrl\":\"https:\\\/\\\/elbiblionauta.com\\\/ca\\\/wp-content\\\/uploads\\\/2022\\\/04\\\/logo-biblio2.png\",\"width\":120,\"height\":120,\"caption\":\"El Biblionauta\"},\"image\":{\"@id\":\"https:\\\/\\\/elbiblionauta.com\\\/ca\\\/#\\\/schema\\\/logo\\\/image\\\/\"},\"sameAs\":[\"https:\\\/\\\/www.facebook.com\\\/ElBiblionauta\",\"https:\\\/\\\/x.com\\\/ElBiblionauta\"]}]}<\/script>\n<!-- \/ Yoast SEO plugin. -->","yoast_head_json":{"title":"Club de lectura | El Biblionauta","description":"El Club de lectura virtual de l'A. C. El Biblionauta.","robots":{"index":"index","follow":"follow","max-snippet":"max-snippet:-1","max-image-preview":"max-image-preview:large","max-video-preview":"max-video-preview:-1"},"canonical":"https:\/\/elbiblionauta.com\/ca\/club-de-lectura\/","og_locale":"ca_ES","og_type":"article","og_title":"Club de lectura | El Biblionauta","og_description":"El Club de lectura virtual de l'A. C. El Biblionauta.","og_url":"https:\/\/elbiblionauta.com\/ca\/club-de-lectura\/","og_site_name":"El Biblionauta","article_publisher":"https:\/\/www.facebook.com\/ElBiblionauta","article_modified_time":"2024-11-28T13:16:31+00:00","og_image":[{"width":1600,"height":900,"url":"https:\/\/elbiblionauta.com\/ca\/wp-content\/uploads\/2022\/12\/club-fahrenheit-logo.jpeg","type":"image\/jpeg"}],"twitter_card":"summary_large_image","twitter_image":"https:\/\/elbiblionauta.com\/ca\/wp-content\/uploads\/2022\/12\/club-fahrenheit-logo.jpeg","twitter_site":"@ElBiblionauta","twitter_misc":{"Temps estimat de lectura":"2 minuts"},"schema":{"@context":"https:\/\/schema.org","@graph":[{"@type":"WebPage","@id":"https:\/\/elbiblionauta.com\/ca\/club-de-lectura\/","url":"https:\/\/elbiblionauta.com\/ca\/club-de-lectura\/","name":"Club de lectura | El Biblionauta","isPartOf":{"@id":"https:\/\/elbiblionauta.com\/ca\/#website"},"primaryImageOfPage":{"@id":"https:\/\/elbiblionauta.com\/ca\/club-de-lectura\/#primaryimage"},"image":{"@id":"https:\/\/elbiblionauta.com\/ca\/club-de-lectura\/#primaryimage"},"thumbnailUrl":"https:\/\/elbiblionauta.com\/ca\/wp-content\/uploads\/2022\/12\/club-fahrenheit-logo.jpeg","datePublished":"2022-11-25T22:23:09+00:00","dateModified":"2024-11-28T13:16:31+00:00","description":"El Club de lectura virtual de l'A. C. El Biblionauta.","breadcrumb":{"@id":"https:\/\/elbiblionauta.com\/ca\/club-de-lectura\/#breadcrumb"},"inLanguage":"ca","potentialAction":[{"@type":"ReadAction","target":["https:\/\/elbiblionauta.com\/ca\/club-de-lectura\/"]}]},{"@type":"ImageObject","inLanguage":"ca","@id":"https:\/\/elbiblionauta.com\/ca\/club-de-lectura\/#primaryimage","url":"https:\/\/elbiblionauta.com\/ca\/wp-content\/uploads\/2022\/12\/club-fahrenheit-logo.jpeg","contentUrl":"https:\/\/elbiblionauta.com\/ca\/wp-content\/uploads\/2022\/12\/club-fahrenheit-logo.jpeg","width":1600,"height":900},{"@type":"BreadcrumbList","@id":"https:\/\/elbiblionauta.com\/ca\/club-de-lectura\/#breadcrumb","itemListElement":[{"@type":"ListItem","position":1,"name":"Inici","item":"https:\/\/elbiblionauta.com\/ca\/"},{"@type":"ListItem","position":2,"name":"Club de lectura"}]},{"@type":"WebSite","@id":"https:\/\/elbiblionauta.com\/ca\/#website","url":"https:\/\/elbiblionauta.com\/ca\/","name":"El Biblionauta","description":"El teu portal de literatura fant\u00e0stica en catal\u00e0.","publisher":{"@id":"https:\/\/elbiblionauta.com\/ca\/#organization"},"potentialAction":[{"@type":"SearchAction","target":{"@type":"EntryPoint","urlTemplate":"https:\/\/elbiblionauta.com\/ca\/?s={search_term_string}"},"query-input":{"@type":"PropertyValueSpecification","valueRequired":true,"valueName":"search_term_string"}}],"inLanguage":"ca"},{"@type":"Organization","@id":"https:\/\/elbiblionauta.com\/ca\/#organization","name":"El Biblionauta","url":"https:\/\/elbiblionauta.com\/ca\/","logo":{"@type":"ImageObject","inLanguage":"ca","@id":"https:\/\/elbiblionauta.com\/ca\/#\/schema\/logo\/image\/","url":"https:\/\/elbiblionauta.com\/ca\/wp-content\/uploads\/2022\/04\/logo-biblio2.png","contentUrl":"https:\/\/elbiblionauta.com\/ca\/wp-content\/uploads\/2022\/04\/logo-biblio2.png","width":120,"height":120,"caption":"El Biblionauta"},"image":{"@id":"https:\/\/elbiblionauta.com\/ca\/#\/schema\/logo\/image\/"},"sameAs":["https:\/\/www.facebook.com\/ElBiblionauta","https:\/\/x.com\/ElBiblionauta"]}]}},"jetpack_sharing_enabled":true,"jetpack_likes_enabled":false,"jetpack_shortlink":"https:\/\/wp.me\/P5gpck-jjB","_links":{"self":[{"href":"https:\/\/elbiblionauta.com\/ca\/wp-json\/wp\/v2\/pages\/74251","targetHints":{"allow":["GET"]}}],"collection":[{"href":"https:\/\/elbiblionauta.com\/ca\/wp-json\/wp\/v2\/pages"}],"about":[{"href":"https:\/\/elbiblionauta.com\/ca\/wp-json\/wp\/v2\/types\/page"}],"author":[{"embeddable":true,"href":"https:\/\/elbiblionauta.com\/ca\/wp-json\/wp\/v2\/users\/1"}],"replies":[{"embeddable":true,"href":"https:\/\/elbiblionauta.com\/ca\/wp-json\/wp\/v2\/comments?post=74251"}],"version-history":[{"count":0,"href":"https:\/\/elbiblionauta.com\/ca\/wp-json\/wp\/v2\/pages\/74251\/revisions"}],"wp:featuredmedia":[{"embeddable":true,"href":"https:\/\/elbiblionauta.com\/ca\/wp-json\/wp\/v2\/media\/77476"}],"wp:attachment":[{"href":"https:\/\/elbiblionauta.com\/ca\/wp-json\/wp\/v2\/media?parent=74251"}],"curies":[{"name":"wp","href":"https:\/\/api.w.org\/{rel}","templated":true}]}}