{"id":1510,"date":"2020-07-27T22:58:12","date_gmt":"2020-07-27T20:58:12","guid":{"rendered":"http:\/\/elbiblionauta.com\/?page_id=1510"},"modified":"2024-11-28T14:19:27","modified_gmt":"2024-11-28T13:19:27","slug":"premis","status":"publish","type":"page","link":"https:\/\/elbiblionauta.com\/ca\/projectes\/premis\/","title":{"rendered":"Premis"},"content":{"rendered":"\t\t<div data-elementor-type=\"wp-page\" data-elementor-id=\"1510\" class=\"elementor elementor-1510\" data-elementor-post-type=\"page\">\n\t\t\t\t\t\t<section class=\"elementor-section elementor-top-section elementor-element elementor-element-dbe9081 elementor-section-stretched elementor-section-full_width elementor-section-height-default elementor-section-height-default\" data-id=\"dbe9081\" data-element_type=\"section\" data-e-type=\"section\" data-settings=\"{&quot;stretch_section&quot;:&quot;section-stretched&quot;,&quot;background_background&quot;:&quot;classic&quot;}\">\n\t\t\t\t\t\t<div class=\"elementor-container elementor-column-gap-no\">\n\t\t\t\t\t<div class=\"elementor-column elementor-col-100 elementor-top-column elementor-element elementor-element-17d2ead\" data-id=\"17d2ead\" data-element_type=\"column\" data-e-type=\"column\">\n\t\t\t<div class=\"elementor-widget-wrap elementor-element-populated\">\n\t\t\t\t\t\t<section class=\"elementor-section elementor-inner-section elementor-element elementor-element-68cccd4 elementor-section-boxed elementor-section-height-default elementor-section-height-default\" data-id=\"68cccd4\" data-element_type=\"section\" data-e-type=\"section\" data-settings=\"{&quot;background_background&quot;:&quot;classic&quot;}\">\n\t\t\t\t\t\t<div class=\"elementor-container elementor-column-gap-default\">\n\t\t\t\t\t<div class=\"elementor-column elementor-col-50 elementor-inner-column elementor-element elementor-element-7f37be0\" data-id=\"7f37be0\" data-element_type=\"column\" data-e-type=\"column\" data-settings=\"{&quot;background_background&quot;:&quot;classic&quot;}\">\n\t\t\t<div class=\"elementor-widget-wrap elementor-element-populated\">\n\t\t\t\t\t\t<div class=\"elementor-element elementor-element-17fcca0 elementor-widget elementor-widget-heading\" data-id=\"17fcca0\" data-element_type=\"widget\" data-e-type=\"widget\" data-widget_type=\"heading.default\">\n\t\t\t\t<div class=\"elementor-widget-container\">\n\t\t\t\t\t<h2 class=\"elementor-heading-title elementor-size-default\">Els nostres premis<\/h2>\t\t\t\t<\/div>\n\t\t\t\t<\/div>\n\t\t\t\t\t<\/div>\n\t\t<\/div>\n\t\t\t\t<div class=\"elementor-column elementor-col-50 elementor-inner-column elementor-element elementor-element-aa66958 elementor-invisible\" data-id=\"aa66958\" data-element_type=\"column\" data-e-type=\"column\" data-settings=\"{&quot;background_background&quot;:&quot;classic&quot;,&quot;animation&quot;:&quot;zoomIn&quot;}\">\n\t\t\t<div class=\"elementor-widget-wrap\">\n\t\t\t\t\t\t\t<\/div>\n\t\t<\/div>\n\t\t\t\t\t<\/div>\n\t\t<\/section>\n\t\t\t\t<section class=\"elementor-section elementor-inner-section elementor-element elementor-element-c7db9b8 elementor-section-boxed elementor-section-height-default elementor-section-height-default\" data-id=\"c7db9b8\" data-element_type=\"section\" data-e-type=\"section\" data-settings=\"{&quot;background_background&quot;:&quot;classic&quot;}\">\n\t\t\t\t\t\t<div class=\"elementor-container elementor-column-gap-default\">\n\t\t\t\t\t<div class=\"elementor-column elementor-col-33 elementor-inner-column elementor-element elementor-element-a082699\" data-id=\"a082699\" data-element_type=\"column\" data-e-type=\"column\" data-settings=\"{&quot;background_background&quot;:&quot;classic&quot;}\">\n\t\t\t<div class=\"elementor-widget-wrap elementor-element-populated\">\n\t\t\t\t\t\t<div class=\"elementor-element elementor-element-7a10623 elementor-view-framed elementor-position-inline-start elementor-shape-circle elementor-mobile-position-block-start elementor-widget elementor-widget-icon-box\" data-id=\"7a10623\" data-element_type=\"widget\" data-e-type=\"widget\" data-widget_type=\"icon-box.default\">\n\t\t\t\t<div class=\"elementor-widget-container\">\n\t\t\t\t\t\t\t<div class=\"elementor-icon-box-wrapper\">\n\n\t\t\t\t\t\t<div class=\"elementor-icon-box-icon\">\n\t\t\t\t<a href=\"https:\/\/elbiblionauta.com\/ca\/projectes\/premis\/imperdible\" class=\"elementor-icon elementor-animation-grow\" tabindex=\"-1\" aria-label=\"imperdible\">\n\t\t\t\t<i aria-hidden=\"true\" class=\"fas fa-trophy\"><\/i>\t\t\t\t<\/a>\n\t\t\t<\/div>\n\t\t\t\n\t\t\t\t\t\t<div class=\"elementor-icon-box-content\">\n\n\t\t\t\t\t\t\t\t\t<h3 class=\"elementor-icon-box-title\">\n\t\t\t\t\t\t<a href=\"https:\/\/elbiblionauta.com\/ca\/projectes\/premis\/imperdible\" >\n\t\t\t\t\t\t\timperdible\t\t\t\t\t\t<\/a>\n\t\t\t\t\t<\/h3>\n\t\t\t\t\n\t\t\t\t\t\t\t\t\t<p class=\"elementor-icon-box-description\">\n\t\t\t\t\t\tPremis a la millor ci\u00e8ncia-ficci\u00f3 i fantasia en catal\u00e0.\t\t\t\t\t<\/p>\n\t\t\t\t\n\t\t\t<\/div>\n\t\t\t\n\t\t<\/div>\n\t\t\t\t\t\t<\/div>\n\t\t\t\t<\/div>\n\t\t\t\t\t<\/div>\n\t\t<\/div>\n\t\t\t\t<div class=\"elementor-column elementor-col-33 elementor-inner-column elementor-element elementor-element-d6a69c1\" data-id=\"d6a69c1\" data-element_type=\"column\" data-e-type=\"column\" data-settings=\"{&quot;background_background&quot;:&quot;classic&quot;}\">\n\t\t\t<div class=\"elementor-widget-wrap elementor-element-populated\">\n\t\t\t\t\t\t<div class=\"elementor-element elementor-element-69b8718 elementor-view-framed elementor-position-inline-start elementor-shape-circle elementor-mobile-position-block-start elementor-widget elementor-widget-icon-box\" data-id=\"69b8718\" data-element_type=\"widget\" data-e-type=\"widget\" data-widget_type=\"icon-box.default\">\n\t\t\t\t<div class=\"elementor-widget-container\">\n\t\t\t\t\t\t\t<div class=\"elementor-icon-box-wrapper\">\n\n\t\t\t\t\t\t<div class=\"elementor-icon-box-icon\">\n\t\t\t\t<a href=\"https:\/\/elbiblionauta.com\/ca\/projectes\/premis\/alba\/\" class=\"elementor-icon elementor-animation-grow\" tabindex=\"-1\" aria-label=\"alba\">\n\t\t\t\t<i aria-hidden=\"true\" class=\"fas fa-trophy\"><\/i>\t\t\t\t<\/a>\n\t\t\t<\/div>\n\t\t\t\n\t\t\t\t\t\t<div class=\"elementor-icon-box-content\">\n\n\t\t\t\t\t\t\t\t\t<h3 class=\"elementor-icon-box-title\">\n\t\t\t\t\t\t<a href=\"https:\/\/elbiblionauta.com\/ca\/projectes\/premis\/alba\/\" >\n\t\t\t\t\t\t\talba\t\t\t\t\t\t<\/a>\n\t\t\t\t\t<\/h3>\n\t\t\t\t\n\t\t\t\t\t\t\t\t\t<p class=\"elementor-icon-box-description\">\n\t\t\t\t\t\tPremis a la millor ci\u00e8ncia-ficci\u00f3 i fantasia per a joves en catal\u00e0.\t\t\t\t\t<\/p>\n\t\t\t\t\n\t\t\t<\/div>\n\t\t\t\n\t\t<\/div>\n\t\t\t\t\t\t<\/div>\n\t\t\t\t<\/div>\n\t\t\t\t\t<\/div>\n\t\t<\/div>\n\t\t\t\t<div class=\"elementor-column elementor-col-33 elementor-inner-column elementor-element elementor-element-d8d85ec\" data-id=\"d8d85ec\" data-element_type=\"column\" data-e-type=\"column\" data-settings=\"{&quot;background_background&quot;:&quot;classic&quot;}\">\n\t\t\t<div class=\"elementor-widget-wrap\">\n\t\t\t\t\t\t\t<\/div>\n\t\t<\/div>\n\t\t\t\t\t<\/div>\n\t\t<\/section>\n\t\t\t\t<div class=\"elementor-element elementor-element-686b9e8 elementor-view-default elementor-widget elementor-widget-icon\" data-id=\"686b9e8\" data-element_type=\"widget\" data-e-type=\"widget\" data-widget_type=\"icon.default\">\n\t\t\t\t<div class=\"elementor-widget-container\">\n\t\t\t\t\t\t\t<div class=\"elementor-icon-wrapper\">\n\t\t\t<div class=\"elementor-icon\">\n\t\t\t<i aria-hidden=\"true\" class=\"fas fa-envelope-open\"><\/i>\t\t\t<\/div>\n\t\t<\/div>\n\t\t\t\t\t\t<\/div>\n\t\t\t\t<\/div>\n\t\t\t\t\t<\/div>\n\t\t<\/div>\n\t\t\t\t\t<\/div>\n\t\t<\/section>\n\t\t\t\t<section class=\"elementor-section elementor-top-section elementor-element elementor-element-1656f60 elementor-section-full_width elementor-section-height-default elementor-section-height-default\" data-id=\"1656f60\" data-element_type=\"section\" data-e-type=\"section\">\n\t\t\t\t\t\t<div class=\"elementor-container elementor-column-gap-no\">\n\t\t\t\t\t<div class=\"elementor-column elementor-col-100 elementor-top-column elementor-element elementor-element-7492d62\" data-id=\"7492d62\" data-element_type=\"column\" data-e-type=\"column\">\n\t\t\t<div class=\"elementor-widget-wrap elementor-element-populated\">\n\t\t\t\t\t\t<section class=\"elementor-section elementor-inner-section elementor-element elementor-element-46d4f04 elementor-section-boxed elementor-section-height-default elementor-section-height-default\" data-id=\"46d4f04\" data-element_type=\"section\" data-e-type=\"section\" data-settings=\"{&quot;background_background&quot;:&quot;classic&quot;}\">\n\t\t\t\t\t\t<div class=\"elementor-container elementor-column-gap-default\">\n\t\t\t\t\t<div class=\"elementor-column elementor-col-50 elementor-inner-column elementor-element elementor-element-76c4de8\" data-id=\"76c4de8\" data-element_type=\"column\" data-e-type=\"column\" data-settings=\"{&quot;background_background&quot;:&quot;classic&quot;}\">\n\t\t\t<div class=\"elementor-widget-wrap elementor-element-populated\">\n\t\t\t\t\t\t<div class=\"elementor-element elementor-element-429058e elementor-view-default elementor-widget elementor-widget-icon\" data-id=\"429058e\" data-element_type=\"widget\" data-e-type=\"widget\" data-widget_type=\"icon.default\">\n\t\t\t\t<div class=\"elementor-widget-container\">\n\t\t\t\t\t\t\t<div class=\"elementor-icon-wrapper\">\n\t\t\t<div class=\"elementor-icon\">\n\t\t\t<i aria-hidden=\"true\" class=\"fas fa-phone-alt\"><\/i>\t\t\t<\/div>\n\t\t<\/div>\n\t\t\t\t\t\t<\/div>\n\t\t\t\t<\/div>\n\t\t\t\t\t<\/div>\n\t\t<\/div>\n\t\t\t\t<div class=\"elementor-column elementor-col-50 elementor-inner-column elementor-element elementor-element-bf28cd1\" data-id=\"bf28cd1\" data-element_type=\"column\" data-e-type=\"column\">\n\t\t\t<div class=\"elementor-widget-wrap elementor-element-populated\">\n\t\t\t\t\t\t<div class=\"elementor-element elementor-element-1cc18dc elementor-widget elementor-widget-text-editor\" data-id=\"1cc18dc\" data-element_type=\"widget\" data-e-type=\"widget\" data-widget_type=\"text-editor.default\">\n\t\t\t\t<div class=\"elementor-widget-container\">\n\t\t\t\t\t\t\t\t\t<p>CONTACTA&#8217;NS:<\/p>\t\t\t\t\t\t\t\t<\/div>\n\t\t\t\t<\/div>\n\t\t\t\t<div class=\"elementor-element elementor-element-db1ddef elementor-widget elementor-widget-text-editor\" data-id=\"db1ddef\" data-element_type=\"widget\" data-e-type=\"widget\" data-widget_type=\"text-editor.default\">\n\t\t\t\t<div class=\"elementor-widget-container\">\n\t\t\t\t\t\t\t\t\t<p><a href=\"mailto:info@elbiblionauta.com\">info@elbiblionauta.com<\/a><\/p>\t\t\t\t\t\t\t\t<\/div>\n\t\t\t\t<\/div>\n\t\t\t\t<div class=\"elementor-element elementor-element-afdd98d elementor-shape-square elementor-grid-4 e-grid-align-right elementor-widget elementor-widget-social-icons\" data-id=\"afdd98d\" data-element_type=\"widget\" data-e-type=\"widget\" data-widget_type=\"social-icons.default\">\n\t\t\t\t<div class=\"elementor-widget-container\">\n\t\t\t\t\t\t\t<div class=\"elementor-social-icons-wrapper elementor-grid\" role=\"list\">\n\t\t\t\t\t\t\t<span class=\"elementor-grid-item\" role=\"listitem\">\n\t\t\t\t\t<a class=\"elementor-icon elementor-social-icon elementor-social-icon-facebook-square elementor-repeater-item-a552131\" href=\"https:\/\/www.facebook.com\/ElBiblionauta\" target=\"_blank\">\n\t\t\t\t\t\t<span class=\"elementor-screen-only\">Facebook-square<\/span>\n\t\t\t\t\t\t<i aria-hidden=\"true\" class=\"fab fa-facebook-square\"><\/i>\t\t\t\t\t<\/a>\n\t\t\t\t<\/span>\n\t\t\t\t\t\t\t<span class=\"elementor-grid-item\" role=\"listitem\">\n\t\t\t\t\t<a class=\"elementor-icon elementor-social-icon elementor-social-icon-twitter elementor-repeater-item-f747be7\" href=\"https:\/\/twitter.com\/ElBiblionauta\" target=\"_blank\">\n\t\t\t\t\t\t<span class=\"elementor-screen-only\">Twitter<\/span>\n\t\t\t\t\t\t<i aria-hidden=\"true\" class=\"fab fa-twitter\"><\/i>\t\t\t\t\t<\/a>\n\t\t\t\t<\/span>\n\t\t\t\t\t\t\t<span class=\"elementor-grid-item\" role=\"listitem\">\n\t\t\t\t\t<a class=\"elementor-icon elementor-social-icon elementor-social-icon-instagram elementor-repeater-item-381c25e\" href=\"https:\/\/www.instagram.com\/elbiblionauta\/\" target=\"_blank\">\n\t\t\t\t\t\t<span class=\"elementor-screen-only\">Instagram<\/span>\n\t\t\t\t\t\t<i aria-hidden=\"true\" class=\"fab fa-instagram\"><\/i>\t\t\t\t\t<\/a>\n\t\t\t\t<\/span>\n\t\t\t\t\t\t\t<span class=\"elementor-grid-item\" role=\"listitem\">\n\t\t\t\t\t<a class=\"elementor-icon elementor-social-icon elementor-social-icon-podcast elementor-repeater-item-79e4626\" href=\"https:\/\/elbiblionauta.com\/ca\/podcast\/\" target=\"_blank\">\n\t\t\t\t\t\t<span class=\"elementor-screen-only\">Podcast<\/span>\n\t\t\t\t\t\t<i aria-hidden=\"true\" class=\"fas fa-podcast\"><\/i>\t\t\t\t\t<\/a>\n\t\t\t\t<\/span>\n\t\t\t\t\t<\/div>\n\t\t\t\t\t\t<\/div>\n\t\t\t\t<\/div>\n\t\t\t\t<div class=\"elementor-element elementor-element-7e6c321 elementor-align-right elementor-widget elementor-widget-button\" data-id=\"7e6c321\" data-element_type=\"widget\" data-e-type=\"widget\" data-widget_type=\"button.default\">\n\t\t\t\t<div class=\"elementor-widget-container\">\n\t\t\t\t\t\t\t\t\t<div class=\"elementor-button-wrapper\">\n\t\t\t\t\t<a class=\"elementor-button elementor-button-link elementor-size-sm\" href=\"https:\/\/elbiblionauta.com\/ca\/sobre\/\">\n\t\t\t\t\t\t<span class=\"elementor-button-content-wrapper\">\n\t\t\t\t\t\t<span class=\"elementor-button-icon\">\n\t\t\t\t<i aria-hidden=\"true\" class=\"fas fa-angle-double-right\"><\/i>\t\t\t<\/span>\n\t\t\t\t\t\t\t\t\t<span class=\"elementor-button-text\">Nosaltres<\/span>\n\t\t\t\t\t<\/span>\n\t\t\t\t\t<\/a>\n\t\t\t\t<\/div>\n\t\t\t\t\t\t\t\t<\/div>\n\t\t\t\t<\/div>\n\t\t\t\t\t<\/div>\n\t\t<\/div>\n\t\t\t\t\t<\/div>\n\t\t<\/section>\n\t\t\t\t\t<\/div>\n\t\t<\/div>\n\t\t\t\t\t<\/div>\n\t\t<\/section>\n\t\t\t\t<\/div>\n\t\t","protected":false},"excerpt":{"rendered":"<p>Els nostres premis imperdible Premis a la millor ci\u00e8ncia-ficci\u00f3 i fantasia en catal\u00e0. alba Premis a la millor ci\u00e8ncia-ficci\u00f3 i fantasia per a joves en catal\u00e0. CONTACTA&#8217;NS: info@elbiblionauta.com Facebook-square Twitter &#8230;<\/p>\n","protected":false},"author":7,"featured_media":76935,"parent":74184,"menu_order":0,"comment_status":"closed","ping_status":"closed","template":"elementor_header_footer","meta":{"footnotes":"","_links_to":"","_links_to_target":""},"class_list":["post-1510","page","type-page","status-publish","has-post-thumbnail","hentry"],"yoast_head":"<!-- This site is optimized with the Yoast SEO plugin v27.4 - https:\/\/yoast.com\/product\/yoast-seo-wordpress\/ -->\n<title>Premis | El Biblionauta<\/title>\n<meta name=\"description\" content=\"Tots els premis organitzats per l&#039;A. C. El Biblionauta. Guanyadors, finalistes, convocat\u00f2ries\u2026\" \/>\n<meta name=\"robots\" content=\"index, follow, max-snippet:-1, max-image-preview:large, max-video-preview:-1\" \/>\n<link rel=\"canonical\" href=\"https:\/\/elbiblionauta.com\/ca\/projectes\/premis\/\" \/>\n<meta property=\"og:locale\" content=\"ca_ES\" \/>\n<meta property=\"og:type\" content=\"article\" \/>\n<meta property=\"og:title\" content=\"Premis | El Biblionauta\" \/>\n<meta property=\"og:description\" content=\"Tots els premis organitzats per l&#039;A. C. El Biblionauta. Guanyadors, finalistes, convocat\u00f2ries\u2026\" \/>\n<meta property=\"og:url\" content=\"https:\/\/elbiblionauta.com\/ca\/projectes\/premis\/\" \/>\n<meta property=\"og:site_name\" content=\"El Biblionauta\" \/>\n<meta property=\"article:publisher\" content=\"https:\/\/www.facebook.com\/ElBiblionauta\" \/>\n<meta property=\"article:modified_time\" content=\"2024-11-28T13:19:27+00:00\" \/>\n<meta property=\"og:image\" content=\"https:\/\/elbiblionauta.com\/ca\/wp-content\/uploads\/2021\/08\/logo-verd-el-biblionauta-21.png\" \/>\n\t<meta property=\"og:image:width\" content=\"1600\" \/>\n\t<meta property=\"og:image:height\" content=\"900\" \/>\n\t<meta property=\"og:image:type\" content=\"image\/png\" \/>\n<meta name=\"twitter:card\" content=\"summary_large_image\" \/>\n<meta name=\"twitter:site\" content=\"@ElBiblionauta\" \/>\n<meta name=\"twitter:label1\" content=\"Temps estimat de lectura\" \/>\n\t<meta name=\"twitter:data1\" content=\"1 minut\" \/>\n<script type=\"application\/ld+json\" class=\"yoast-schema-graph\">{\"@context\":\"https:\\\/\\\/schema.org\",\"@graph\":[{\"@type\":\"WebPage\",\"@id\":\"https:\\\/\\\/elbiblionauta.com\\\/ca\\\/projectes\\\/premis\\\/\",\"url\":\"https:\\\/\\\/elbiblionauta.com\\\/ca\\\/projectes\\\/premis\\\/\",\"name\":\"Premis | El Biblionauta\",\"isPartOf\":{\"@id\":\"https:\\\/\\\/elbiblionauta.com\\\/ca\\\/#website\"},\"primaryImageOfPage\":{\"@id\":\"https:\\\/\\\/elbiblionauta.com\\\/ca\\\/projectes\\\/premis\\\/#primaryimage\"},\"image\":{\"@id\":\"https:\\\/\\\/elbiblionauta.com\\\/ca\\\/projectes\\\/premis\\\/#primaryimage\"},\"thumbnailUrl\":\"https:\\\/\\\/elbiblionauta.com\\\/ca\\\/wp-content\\\/uploads\\\/2022\\\/12\\\/el-biblionauta-logo-2023.png\",\"datePublished\":\"2020-07-27T20:58:12+00:00\",\"dateModified\":\"2024-11-28T13:19:27+00:00\",\"description\":\"Tots els premis organitzats per l'A. C. El Biblionauta. Guanyadors, finalistes, convocat\u00f2ries\u2026\",\"breadcrumb\":{\"@id\":\"https:\\\/\\\/elbiblionauta.com\\\/ca\\\/projectes\\\/premis\\\/#breadcrumb\"},\"inLanguage\":\"ca\",\"potentialAction\":[{\"@type\":\"ReadAction\",\"target\":[\"https:\\\/\\\/elbiblionauta.com\\\/ca\\\/projectes\\\/premis\\\/\"]}]},{\"@type\":\"ImageObject\",\"inLanguage\":\"ca\",\"@id\":\"https:\\\/\\\/elbiblionauta.com\\\/ca\\\/projectes\\\/premis\\\/#primaryimage\",\"url\":\"https:\\\/\\\/elbiblionauta.com\\\/ca\\\/wp-content\\\/uploads\\\/2022\\\/12\\\/el-biblionauta-logo-2023.png\",\"contentUrl\":\"https:\\\/\\\/elbiblionauta.com\\\/ca\\\/wp-content\\\/uploads\\\/2022\\\/12\\\/el-biblionauta-logo-2023.png\",\"width\":1600,\"height\":900},{\"@type\":\"BreadcrumbList\",\"@id\":\"https:\\\/\\\/elbiblionauta.com\\\/ca\\\/projectes\\\/premis\\\/#breadcrumb\",\"itemListElement\":[{\"@type\":\"ListItem\",\"position\":1,\"name\":\"Inici\",\"item\":\"https:\\\/\\\/elbiblionauta.com\\\/ca\\\/\"},{\"@type\":\"ListItem\",\"position\":2,\"name\":\"Projectes\",\"item\":\"https:\\\/\\\/elbiblionauta.com\\\/ca\\\/projectes\\\/\"},{\"@type\":\"ListItem\",\"position\":3,\"name\":\"Premis\"}]},{\"@type\":\"WebSite\",\"@id\":\"https:\\\/\\\/elbiblionauta.com\\\/ca\\\/#website\",\"url\":\"https:\\\/\\\/elbiblionauta.com\\\/ca\\\/\",\"name\":\"El Biblionauta\",\"description\":\"El teu portal de literatura fant\u00e0stica en catal\u00e0.\",\"publisher\":{\"@id\":\"https:\\\/\\\/elbiblionauta.com\\\/ca\\\/#organization\"},\"potentialAction\":[{\"@type\":\"SearchAction\",\"target\":{\"@type\":\"EntryPoint\",\"urlTemplate\":\"https:\\\/\\\/elbiblionauta.com\\\/ca\\\/?s={search_term_string}\"},\"query-input\":{\"@type\":\"PropertyValueSpecification\",\"valueRequired\":true,\"valueName\":\"search_term_string\"}}],\"inLanguage\":\"ca\"},{\"@type\":\"Organization\",\"@id\":\"https:\\\/\\\/elbiblionauta.com\\\/ca\\\/#organization\",\"name\":\"El Biblionauta\",\"url\":\"https:\\\/\\\/elbiblionauta.com\\\/ca\\\/\",\"logo\":{\"@type\":\"ImageObject\",\"inLanguage\":\"ca\",\"@id\":\"https:\\\/\\\/elbiblionauta.com\\\/ca\\\/#\\\/schema\\\/logo\\\/image\\\/\",\"url\":\"https:\\\/\\\/elbiblionauta.com\\\/ca\\\/wp-content\\\/uploads\\\/2022\\\/04\\\/logo-biblio2.png\",\"contentUrl\":\"https:\\\/\\\/elbiblionauta.com\\\/ca\\\/wp-content\\\/uploads\\\/2022\\\/04\\\/logo-biblio2.png\",\"width\":120,\"height\":120,\"caption\":\"El Biblionauta\"},\"image\":{\"@id\":\"https:\\\/\\\/elbiblionauta.com\\\/ca\\\/#\\\/schema\\\/logo\\\/image\\\/\"},\"sameAs\":[\"https:\\\/\\\/www.facebook.com\\\/ElBiblionauta\",\"https:\\\/\\\/x.com\\\/ElBiblionauta\"]}]}<\/script>\n<!-- \/ Yoast SEO plugin. -->","yoast_head_json":{"title":"Premis | El Biblionauta","description":"Tots els premis organitzats per l'A. C. El Biblionauta. Guanyadors, finalistes, convocat\u00f2ries\u2026","robots":{"index":"index","follow":"follow","max-snippet":"max-snippet:-1","max-image-preview":"max-image-preview:large","max-video-preview":"max-video-preview:-1"},"canonical":"https:\/\/elbiblionauta.com\/ca\/projectes\/premis\/","og_locale":"ca_ES","og_type":"article","og_title":"Premis | El Biblionauta","og_description":"Tots els premis organitzats per l'A. C. El Biblionauta. Guanyadors, finalistes, convocat\u00f2ries\u2026","og_url":"https:\/\/elbiblionauta.com\/ca\/projectes\/premis\/","og_site_name":"El Biblionauta","article_publisher":"https:\/\/www.facebook.com\/ElBiblionauta","article_modified_time":"2024-11-28T13:19:27+00:00","og_image":[{"width":1600,"height":900,"url":"https:\/\/elbiblionauta.com\/ca\/wp-content\/uploads\/2021\/08\/logo-verd-el-biblionauta-21.png","type":"image\/png"}],"twitter_card":"summary_large_image","twitter_site":"@ElBiblionauta","twitter_misc":{"Temps estimat de lectura":"1 minut"},"schema":{"@context":"https:\/\/schema.org","@graph":[{"@type":"WebPage","@id":"https:\/\/elbiblionauta.com\/ca\/projectes\/premis\/","url":"https:\/\/elbiblionauta.com\/ca\/projectes\/premis\/","name":"Premis | El Biblionauta","isPartOf":{"@id":"https:\/\/elbiblionauta.com\/ca\/#website"},"primaryImageOfPage":{"@id":"https:\/\/elbiblionauta.com\/ca\/projectes\/premis\/#primaryimage"},"image":{"@id":"https:\/\/elbiblionauta.com\/ca\/projectes\/premis\/#primaryimage"},"thumbnailUrl":"https:\/\/elbiblionauta.com\/ca\/wp-content\/uploads\/2022\/12\/el-biblionauta-logo-2023.png","datePublished":"2020-07-27T20:58:12+00:00","dateModified":"2024-11-28T13:19:27+00:00","description":"Tots els premis organitzats per l'A. C. El Biblionauta. Guanyadors, finalistes, convocat\u00f2ries\u2026","breadcrumb":{"@id":"https:\/\/elbiblionauta.com\/ca\/projectes\/premis\/#breadcrumb"},"inLanguage":"ca","potentialAction":[{"@type":"ReadAction","target":["https:\/\/elbiblionauta.com\/ca\/projectes\/premis\/"]}]},{"@type":"ImageObject","inLanguage":"ca","@id":"https:\/\/elbiblionauta.com\/ca\/projectes\/premis\/#primaryimage","url":"https:\/\/elbiblionauta.com\/ca\/wp-content\/uploads\/2022\/12\/el-biblionauta-logo-2023.png","contentUrl":"https:\/\/elbiblionauta.com\/ca\/wp-content\/uploads\/2022\/12\/el-biblionauta-logo-2023.png","width":1600,"height":900},{"@type":"BreadcrumbList","@id":"https:\/\/elbiblionauta.com\/ca\/projectes\/premis\/#breadcrumb","itemListElement":[{"@type":"ListItem","position":1,"name":"Inici","item":"https:\/\/elbiblionauta.com\/ca\/"},{"@type":"ListItem","position":2,"name":"Projectes","item":"https:\/\/elbiblionauta.com\/ca\/projectes\/"},{"@type":"ListItem","position":3,"name":"Premis"}]},{"@type":"WebSite","@id":"https:\/\/elbiblionauta.com\/ca\/#website","url":"https:\/\/elbiblionauta.com\/ca\/","name":"El Biblionauta","description":"El teu portal de literatura fant\u00e0stica en catal\u00e0.","publisher":{"@id":"https:\/\/elbiblionauta.com\/ca\/#organization"},"potentialAction":[{"@type":"SearchAction","target":{"@type":"EntryPoint","urlTemplate":"https:\/\/elbiblionauta.com\/ca\/?s={search_term_string}"},"query-input":{"@type":"PropertyValueSpecification","valueRequired":true,"valueName":"search_term_string"}}],"inLanguage":"ca"},{"@type":"Organization","@id":"https:\/\/elbiblionauta.com\/ca\/#organization","name":"El Biblionauta","url":"https:\/\/elbiblionauta.com\/ca\/","logo":{"@type":"ImageObject","inLanguage":"ca","@id":"https:\/\/elbiblionauta.com\/ca\/#\/schema\/logo\/image\/","url":"https:\/\/elbiblionauta.com\/ca\/wp-content\/uploads\/2022\/04\/logo-biblio2.png","contentUrl":"https:\/\/elbiblionauta.com\/ca\/wp-content\/uploads\/2022\/04\/logo-biblio2.png","width":120,"height":120,"caption":"El Biblionauta"},"image":{"@id":"https:\/\/elbiblionauta.com\/ca\/#\/schema\/logo\/image\/"},"sameAs":["https:\/\/www.facebook.com\/ElBiblionauta","https:\/\/x.com\/ElBiblionauta"]}]}},"jetpack_sharing_enabled":true,"jetpack_likes_enabled":false,"jetpack_shortlink":"https:\/\/wp.me\/P5gpck-om","_links":{"self":[{"href":"https:\/\/elbiblionauta.com\/ca\/wp-json\/wp\/v2\/pages\/1510","targetHints":{"allow":["GET"]}}],"collection":[{"href":"https:\/\/elbiblionauta.com\/ca\/wp-json\/wp\/v2\/pages"}],"about":[{"href":"https:\/\/elbiblionauta.com\/ca\/wp-json\/wp\/v2\/types\/page"}],"author":[{"embeddable":true,"href":"https:\/\/elbiblionauta.com\/ca\/wp-json\/wp\/v2\/users\/7"}],"replies":[{"embeddable":true,"href":"https:\/\/elbiblionauta.com\/ca\/wp-json\/wp\/v2\/comments?post=1510"}],"version-history":[{"count":0,"href":"https:\/\/elbiblionauta.com\/ca\/wp-json\/wp\/v2\/pages\/1510\/revisions"}],"up":[{"embeddable":true,"href":"https:\/\/elbiblionauta.com\/ca\/wp-json\/wp\/v2\/pages\/74184"}],"wp:featuredmedia":[{"embeddable":true,"href":"https:\/\/elbiblionauta.com\/ca\/wp-json\/wp\/v2\/media\/76935"}],"wp:attachment":[{"href":"https:\/\/elbiblionauta.com\/ca\/wp-json\/wp\/v2\/media?parent=1510"}],"curies":[{"name":"wp","href":"https:\/\/api.w.org\/{rel}","templated":true}]}}